{"id":627,"date":"2025-07-09T11:55:06","date_gmt":"2025-07-09T09:55:06","guid":{"rendered":"https:\/\/www.wahrheitsperlenverlag.de\/impressum\/"},"modified":"2025-11-04T15:48:22","modified_gmt":"2025-11-04T14:48:22","slug":"impresszum","status":"publish","type":"page","link":"https:\/\/www.wahrheitsperlenverlag.de\/hu\/impresszum\/","title":{"rendered":"Impresszum"},"content":{"rendered":"\n<div>\n<div class=\"gb-element-0c194eb0\">\n<h1 class=\"gb-text\"><strong>Impresszum<\/strong><\/h1>\n\n\n\n<p class=\"gb-text\">Wahrheitsperlen Verlag GmbH<br>Wiesstrasse 13b<br>87435 Kempten<\/p>\n\n\n\n<p class=\"gb-text\">E-Mail: <a href=\"&#109;ai&#108;&#116;&#111;&#58;&#118;&#101;r&#108;&#97;&#103;&#64;wa&#104;&#114;h&#101;i&#116;&#115;p&#101;&#114;len&#118;&#101;&#114;la&#103;.&#100;e\">&#118;&#101;r&#108;ag&#64;&#119;ah&#114;&#104;&#101;it&#115;p&#101;&#114;l&#101;&#110;&#118;e&#114;l&#97;&#103;.de<\/a><br>\u00dcgyvezet\u0151: Andrea von Finckenstein<\/p>\n\n\n\n<p class=\"gb-text\">Sz\u00e9khely: Kempten<br>C\u00e9gjegyz\u00e9ksz\u00e1m: Amtsgericht Kempten HRB 18231<br><\/p>\n<\/div>\n<\/div>\n","protected":false},"excerpt":{"rendered":"<p>Impresszum Wahrheitsperlen Verlag GmbHWiesstrasse 13b87435 Kempten E-Mail: \u00dcgyvezet\u0151: Andrea von Finckenstein Sz\u00e9khely: KemptenC\u00e9gjegyz\u00e9ksz\u00e1m: Amtsgericht Kempten HRB 18231<\/p>\n","protected":false},"author":1,"featured_media":0,"parent":0,"menu_order":10,"comment_status":"closed","ping_status":"closed","template":"","meta":{"footnotes":""},"class_list":["post-627","page","type-page","status-publish"],"_links":{"self":[{"href":"https:\/\/www.wahrheitsperlenverlag.de\/hu\/wp-json\/wp\/v2\/pages\/627","targetHints":{"allow":["GET"]}}],"collection":[{"href":"https:\/\/www.wahrheitsperlenverlag.de\/hu\/wp-json\/wp\/v2\/pages"}],"about":[{"href":"https:\/\/www.wahrheitsperlenverlag.de\/hu\/wp-json\/wp\/v2\/types\/page"}],"author":[{"embeddable":true,"href":"https:\/\/www.wahrheitsperlenverlag.de\/hu\/wp-json\/wp\/v2\/users\/1"}],"replies":[{"embeddable":true,"href":"https:\/\/www.wahrheitsperlenverlag.de\/hu\/wp-json\/wp\/v2\/comments?post=627"}],"version-history":[{"count":1,"href":"https:\/\/www.wahrheitsperlenverlag.de\/hu\/wp-json\/wp\/v2\/pages\/627\/revisions"}],"predecessor-version":[{"id":2017,"href":"https:\/\/www.wahrheitsperlenverlag.de\/hu\/wp-json\/wp\/v2\/pages\/627\/revisions\/2017"}],"wp:attachment":[{"href":"https:\/\/www.wahrheitsperlenverlag.de\/hu\/wp-json\/wp\/v2\/media?parent=627"}],"curies":[{"name":"wp","href":"https:\/\/api.w.org\/{rel}","templated":true}]}}