{"id":621,"date":"2025-07-07T14:53:01","date_gmt":"2025-07-07T12:53:01","guid":{"rendered":"https:\/\/www.wahrheitsperlenverlag.de\/ueber-uns\/"},"modified":"2025-08-17T18:34:03","modified_gmt":"2025-08-17T16:34:03","slug":"rolunk","status":"publish","type":"page","link":"https:\/\/www.wahrheitsperlenverlag.de\/hu\/rolunk\/","title":{"rendered":"R\u00f3lunk"},"content":{"rendered":"\n<div class=\"mc-header-2\">\n\t<div class=\"mc-header-2-img\">\n\t\t<img decoding=\"async\" src=\"https:\/\/www.wahrheitsperlenverlag.de\/wp-content\/uploads\/Andrea-von-Finckenstein-1.jpg\" alt=\"Andrea von Finckenstein\">\n\t<\/div>\n<\/div>\n\n\n<div>\n<div>\n<div class=\"gb-element-0c194eb0\">\n<h1 class=\"gb-text gb-text-3a66369d\"><strong>A kiad\u00f3 munkat\u00e1rsai<\/strong>:<\/h1>\n\n\n\n<h1 class=\"gb-text gb-text-9aefb6ad\">Andrea von Finckenstein<\/h1>\n\n\n\n<p class=\"gb-text gb-text-44779352\">A Wahrheitsperlen Kiad\u00f3t 2025 nyar\u00e1n alap\u00edtotta Andrea von Finckenstein. Magyar gy\u00f6kereib\u0151l mer\u00edtve m\u00e9ly elk\u00f6telezetts\u00e9ggel fordul haz\u00e1ja t\u00f6rt\u00e9netei fel\u00e9 \u2013 olyan t\u00f6rt\u00e9netek fel\u00e9, amelyek az eur\u00f3pai kult\u00fara eg\u00e9sz\u00e9ben is jelent\u0151sek. P\u00e1lyafut\u00e1sa sor\u00e1n Andrea a nemzetk\u00f6zi m\u00e9di\u00e1ban szerzett sz\u00e9lesk\u00f6r\u0171 tapasztalatot, t\u00f6bbek k\u00f6z\u00f6tt az Axel Springer Kiad\u00f3n\u00e1l \u00e9s a Bertelsmann m\u00e9diakonglomer\u00e1tumn\u00e1l. Ma szerz\u0151inkkel \u00e9s partnereinkkel egy\u00fctt azon dolgozik, hogy a kiad\u00f3 k\u00f6nyvei min\u0151s\u00e9gi tartalommal, professzion\u00e1lis h\u00e1tt\u00e9rrel \u00e9s m\u00e9lt\u00f3 figyelemmel jussanak el az olvas\u00f3khoz. <\/p>\n<\/div>\n<\/div>\n<\/div>\n\n\n\n<div>\n<div class=\"gb-element-f8241165\">\n<div class=\"gb-element-63793cfb\" style=\"--inline-bg-image: url(https:\/\/www.wahrheitsperlenverlag.de\/wp-content\/uploads\/Anna-Esters-1.jpeg)\"><\/div>\n<\/div>\n<\/div>\n\n\n\n<div>\n<div>\n<div class=\"gb-element-a6d730a9\">\n<div>\n<h2 class=\"gb-text gb-text-86727d27\">Anna Esters<\/h2>\n<\/div>\n\n\n\n<p class=\"gb-text gb-text-dd4aac1c\">Anna \u00fczleti pszichol\u00f3gi\u00e1t tanul, alapk\u00e9pz\u00e9s\u00e9ben pedig a m\u00e1rkamarketingre specializ\u00e1l\u00f3dott. A Wahrheitsperlen Kiad\u00f3n\u00e1l \u0151 felel k\u00f6z\u00f6ss\u00e9gi m\u00e9di\u00e1s jelenl\u00e9t\u00fcnk\u00e9rt \u2013 mindig friss \u00e9s kreat\u00edv \u00f6tletekkel, hogy k\u00f6nyveink l\u00e1that\u00f3v\u00e1 v\u00e1ljanak \u00e9s kedvet \u00e9bresszenek az olvas\u00e1sra. \u00c9rz\u00e9kenyen k\u00f6veti a trendeket \u00e9s a k\u00f6z\u00f6ns\u00e9g ig\u00e9nyeit, \u00edgy gondoskodik arr\u00f3l, hogy k\u00f6nyveink ott tal\u00e1ljanak olvas\u00f3ra, ahol val\u00f3ban figyelmet kapnak. <\/p>\n\n\n\n<div><\/div>\n<\/div>\n<\/div>\n<\/div>\n\n\n\n<div>\n<div class=\"gb-element-8987998e\">\n<div class=\"gb-element-82c42277\">\n<div class=\"gb-element-5a10aea0\" style=\"--inline-bg-image: url(https:\/\/www.wahrheitsperlenverlag.de\/wp-content\/uploads\/Andrea-und-Anna-1.jpg)\"><\/div>\n\n\n\n<div>\n<h2 class=\"gb-text-5e8d1e21 mc-double-arrow\"><span class=\"gb-shape\"><svg xmlns=\"http:\/\/www.w3.org\/2000\/svg\" width=\"44.413\" height=\"36.291\" viewBox=\"0 0 44.413 36.291\">\n  <path id=\"Pfad_311\" data-name=\"Pfad 311\" d=\"M17.7,53.8,1.888,38.163l.864-5.012L22.885,17.512l2.592,2.938L7.591,37.817,7.85,33.67,20.724,50.951Zm20.824,0L22.712,38.163l.864-5.012L43.708,17.512,46.3,20.45,28.415,37.817l.259-4.147L41.548,50.951Z\" transform=\"translate(-1.888 -17.512)\" fill=\"#c3c7c7\"><\/path>\n<\/svg><\/span><span class=\"gb-text\">Mi\u00e9rt hoztuk l\u00e9tre?<\/span><\/h2>\n\n\n\n<p class=\"gb-text gb-text-1ba518ff\">Az alap\u00edt\u00e1si \u00f6tlet<\/p>\n\n\n\n<p class=\"gb-text\">A magyar irodalom manaps\u00e1g alig kap helyet a n\u00e9met nyelv\u0171 r\u00e9gi\u00f3ban. A nagy kiad\u00f3k gyakran figyelmen k\u00edv\u00fcl hagyj\u00e1k \u2013 mi nem. Kiad\u00f3nk abb\u00f3l a v\u00e1gyb\u00f3l j\u00f6tt l\u00e9tre, hogy f\u00fcggetlen platformot biztos\u00edtsunk a magyar \u00edr\u00f3k \u00e9s k\u00f6lt\u0151k sz\u00e1m\u00e1ra. Aktu\u00e1lis magyar irodalmat \u2013 sz\u00e9pirodalmat \u00e9s t\u00e9nyirodalmat \u2013 jelentet\u00fcnk meg prec\u00edz ford\u00edt\u00e1sokkal \u00e9s l\u00e1that\u00f3v\u00e1 tessz\u00fck a magyarosz\u00e1gi hangokat.<br>Gondos odafigyel\u00e9ssel, szenved\u00e9llyel \u00e9s a min\u0151s\u00e9g ir\u00e1nti elhivatotts\u00e1ggal ford\u00edtjuk le a sz\u00f6vegeket n\u00e9metre, amelyek hidat k\u00e9peznek kult\u00far\u00e1k, korszakok \u00e9s emberek k\u00f6z\u00f6tt.<br><\/p>\n<\/div>\n<\/div>\n<\/div>\n<\/div>\n\n\n\n<div class=\"gb-element-b4de28f8\">\n<div class=\"gb-element-1ac7d272\">\n<h2 class=\"gb-text gb-text-d9194baf\">A kiad\u00f3 l\u00e9trej\u00f6tt\u00e9nek jelent\u0151s\u00e9g\u00e9r\u0151l<\/h2>\n\n\n\n<div class=\"gb-element-18fac461\">\n<div>\n<p class=\"gb-text\"><strong>K\u00f6z\u00f6s t\u00e9m\u00e1k a f\u00f3kuszban<\/strong><br>A magyar irodalom \u00faj perspekt\u00edv\u00e1t ny\u00fajthat m\u00e1s t\u00e1rsadalmi val\u00f3s\u00e1gok meg\u00e9rt\u00e9s\u00e9hez, l\u00e1that\u00f3v\u00e1 teszi a t\u00f6rt\u00e9nelmi \u00f6sszef\u00fcgg\u00e9seket \u00e9s kih\u00edv\u00e1sokat. Meggy\u0151z\u0151d\u00e9s\u00fcnk, hogy m\u00e1s kult\u00far\u00e1kb\u00f3l \u00e9s korszakokb\u00f3l tanulhatunk. A mai kih\u00edv\u00e1sok t\u00fckr\u00e9ben elengedhetetlen, hogy legyenek olyan kiad\u00f3k, amelyek k\u00e9pesek ezeket a hangokat bemutatni \u2013 f\u00fcggetlen\u00fcl, felel\u0151ss\u00e9gteljesen, \u00e9s \u00e9rz\u00e9kenyen reag\u00e1lva a korunk k\u00e9rd\u00e9seire<br><\/p>\n<\/div>\n\n\n\n<div>\n<p class=\"gb-text\">Olyan t\u00e9m\u00e1k, mint a populizmus, az eml\u00e9kezetkult\u00fara, a b\u0171n \u00e9s a lelkiismeret k\u00e9rd\u00e9sei ker\u00fclnek el\u0151t\u00e9rbe. Ezek nemcsak a magyar t\u00f6rt\u00e9nelemre \u00e9s jelenre vonatkoznak, hanem egyetemes \u00e9s aktu\u00e1lis jelent\u0151s\u00e9ggel b\u00edrnak. Az irodalom lehet\u0151s\u00e9get ad arra, hogy felismerj\u00fck ezeket a p\u00e1rhuzamokat \u00e9s m\u00e1s perspekt\u00edv\u00e1k \u00e1ltal, \u00faj megl\u00e1t\u00e1sokat nyerj\u00fcnk.<\/p>\n<\/div>\n<\/div>\n<\/div>\n<\/div>\n\n\n\n<div style=\"height:65px\" aria-hidden=\"true\" class=\"wp-block-spacer\"><\/div>\n","protected":false},"excerpt":{"rendered":"<p>A kiad\u00f3 munkat\u00e1rsai: Andrea von Finckenstein A Wahrheitsperlen Kiad\u00f3t 2025 nyar\u00e1n alap\u00edtotta Andrea von Finckenstein. Magyar gy\u00f6kereib\u0151l mer\u00edtve m\u00e9ly elk\u00f6telezetts\u00e9ggel fordul haz\u00e1ja t\u00f6rt\u00e9netei fel\u00e9 \u2013 olyan t\u00f6rt\u00e9netek fel\u00e9, amelyek az eur\u00f3pai kult\u00fara eg\u00e9sz\u00e9ben is jelent\u0151sek. P\u00e1lyafut\u00e1sa sor\u00e1n Andrea a nemzetk\u00f6zi m\u00e9di\u00e1ban szerzett sz\u00e9lesk\u00f6r\u0171 tapasztalatot, t\u00f6bbek k\u00f6z\u00f6tt az Axel Springer Kiad\u00f3n\u00e1l \u00e9s a Bertelsmann m\u00e9diakonglomer\u00e1tumn\u00e1l. Ma &#8230; <a title=\"R\u00f3lunk\" class=\"read-more\" href=\"https:\/\/www.wahrheitsperlenverlag.de\/hu\/rolunk\/\" aria-label=\"Read more about R\u00f3lunk\">Olvass tov\u00e1bb<\/a><\/p>\n","protected":false},"author":1,"featured_media":0,"parent":0,"menu_order":1,"comment_status":"closed","ping_status":"closed","template":"","meta":{"footnotes":""},"class_list":["post-621","page","type-page","status-publish"],"_links":{"self":[{"href":"https:\/\/www.wahrheitsperlenverlag.de\/hu\/wp-json\/wp\/v2\/pages\/621","targetHints":{"allow":["GET"]}}],"collection":[{"href":"https:\/\/www.wahrheitsperlenverlag.de\/hu\/wp-json\/wp\/v2\/pages"}],"about":[{"href":"https:\/\/www.wahrheitsperlenverlag.de\/hu\/wp-json\/wp\/v2\/types\/page"}],"author":[{"embeddable":true,"href":"https:\/\/www.wahrheitsperlenverlag.de\/hu\/wp-json\/wp\/v2\/users\/1"}],"replies":[{"embeddable":true,"href":"https:\/\/www.wahrheitsperlenverlag.de\/hu\/wp-json\/wp\/v2\/comments?post=621"}],"version-history":[{"count":0,"href":"https:\/\/www.wahrheitsperlenverlag.de\/hu\/wp-json\/wp\/v2\/pages\/621\/revisions"}],"wp:attachment":[{"href":"https:\/\/www.wahrheitsperlenverlag.de\/hu\/wp-json\/wp\/v2\/media?parent=621"}],"curies":[{"name":"wp","href":"https:\/\/api.w.org\/{rel}","templated":true}]}}