{"id":288,"date":"2025-03-07T16:36:41","date_gmt":"2025-03-07T15:36:41","guid":{"rendered":"https:\/\/www.wahrheitsperlenverlag.de\/kapcsolatfelvetel\/"},"modified":"2026-02-03T15:24:08","modified_gmt":"2026-02-03T14:24:08","slug":"kapcsolatfelvetel","status":"publish","type":"page","link":"https:\/\/www.wahrheitsperlenverlag.de\/hu\/kapcsolatfelvetel\/","title":{"rendered":"Kapcsolatfelv\u00e9tel"},"content":{"rendered":"\n<div class=\"mc-header-2\">\n\t<div class=\"mc-header-2-img\">\n\t\t<img decoding=\"async\" src=\"https:\/\/www.wahrheitsperlenverlag.de\/wp-content\/uploads\/Buecherstapel.jpg\" alt=\"\">\n\t<\/div>\n<\/div>\n\n\n<div>\n<div class=\"gb-element-0c194eb0\">\n<h1 class=\"gb-text gb-text-9aefb6ad\">\u00d6n k\u00f6nyvkeresked\u0151 \u00e9s \u00e9rdekl\u0151dik kiad\u00f3nk \u00e9s k\u00f6nyveink ir\u00e1nt?<\/h1>\n\n\n\n<p class=\"gb-text gb-text-44779352\">Szeretn\u00e9 felvenni k\u00f6nyveinket a k\u00edn\u00e1lat\u00e1ba, vagy t\u00f6bbet szeretne megtudni kiad\u00f3i programunkr\u00f3l?<br>Sz\u00edvesen k\u00fcld\u00fcnk \u00d6nnek inform\u00e1ci\u00f3kat aktu\u00e1lis \u00e9s tervezett megjelen\u00e9seinkr\u0151l, el\u0151zeteseket, olvas\u00f3i p\u00e9ld\u00e1nyokat vagy egyedi felt\u00e9teleket a k\u00f6nyvkereskedelem sz\u00e1m\u00e1ra.<\/p>\n\n\n\n<p class=\"gb-text\">\u00d6r\u00f6mmel v\u00e1rjuk \u00fczenet\u00e9t, \u00e9s b\u00e1rmikor rendelkez\u00e9s\u00e9re \u00e1llunk tov\u00e1bbi k\u00e9rd\u00e9sekkel kapcsolatban.<\/p>\n\n\n\n<p class=\"gb-text\">Kapcsolat: <a href=\"&#109;&#97;i&#108;t&#111;&#58;&#118;&#101;&#114;&#116;&#114;i&#101;&#98;&#64;wah&#114;&#104;ei&#116;spe&#114;le&#110;&#118;&#101;&#114;&#108;&#97;g&#46;&#100;&#101;\">ve&#114;t&#114;i&#101;&#98;&#64;&#119;&#97;&#104;&#114;&#104;&#101;i&#116;sper&#108;e&#110;v&#101;&#114;&#108;a&#103;&#46;&#100;e<\/a> <br>vagy t\u00f6ltse ki az al\u00e1bbi \u0171rlapot.<\/p>\n<\/div>\n<\/div>\n\n\n\n<div>\n<div class=\"gb-element-1b7d4ae7\">\n<div class=\"gb-element-9c059a74\">\n<div class=\"gb-element-0260d9ac\">\n<div>\n<h2 class=\"gb-text\">\u00d6r\u00f6mmel v\u00e1rjuk kapcsolatfelv\u00e9tel\u00e9t.<\/h2>\n\n\n\n<p class=\"gb-text\">T\u00f6ltse ki az \u0171rlapot \u00e9s k\u00fcldje el. Hamarosan felvessz\u00fck \u00d6nnel a kapcsolatot. <\/p>\n<\/div>\n\n\n\n<div><div class=\"forminator-ui forminator-custom-form forminator-custom-form-610 forminator-design--basic  forminator_ajax\" data-forminator-render=\"0\" data-form=\"forminator-module-610\" data-uid=\"69e4f3070a1c5\"><br\/><\/div><form\n\t\t\t\tid=\"forminator-module-610\"\n\t\t\t\tclass=\"forminator-ui forminator-custom-form forminator-custom-form-610 forminator-design--basic  forminator_ajax\"\n\t\t\t\tmethod=\"post\"\n\t\t\t\tdata-forminator-render=\"0\"\n\t\t\t\tdata-form-id=\"610\"\n\t\t\t\t data-color-option=\"theme\" data-design=\"basic\" data-grid=\"open\" style=\"display: none;\"\n\t\t\t\tdata-uid=\"69e4f3070a1c5\"\n\t\t\t><div role=\"alert\" aria-live=\"polite\" class=\"forminator-response-message forminator-error\" aria-hidden=\"true\"><\/div><div class=\"forminator-row\"><div id=\"name-1\" class=\"forminator-field-name forminator-col forminator-col-12 \"><div class=\"forminator-field\"><input type=\"text\" name=\"name-1\" value=\"\" placeholder=\"El\u00f6n\u00e9v, Ut\u00f3n\u00e9v *\" id=\"forminator-field-name-1_69e4f3070a1c5\" class=\"forminator-input forminator-name--field\" aria-required=\"true\" autocomplete=\"name\" \/><\/div><\/div><\/div><div class=\"forminator-row\"><div id=\"text-1\" class=\"forminator-field-text forminator-col forminator-col-12 \"><div class=\"forminator-field\"><input type=\"text\" name=\"text-1\" value=\"\" placeholder=\"Bet\u00f6lt\u00f6tt munkak\u00f6r\" id=\"forminator-field-text-1_69e4f3070a1c5\" class=\"forminator-input forminator-name--field\" data-required=\"\" \/><\/div><\/div><\/div><div class=\"forminator-row\"><div id=\"text-2\" class=\"forminator-field-text forminator-col forminator-col-12 \"><div class=\"forminator-field\"><input type=\"text\" name=\"text-2\" value=\"\" placeholder=\"C\u00e9g megnevez\u00e9se\" id=\"forminator-field-text-2_69e4f3070a1c5\" class=\"forminator-input forminator-name--field\" data-required=\"\" \/><\/div><\/div><\/div><div class=\"forminator-row\"><div id=\"text-3\" class=\"forminator-field-text forminator-col forminator-col-12 \"><div class=\"forminator-field\"><input type=\"text\" name=\"text-3\" value=\"\" placeholder=\"Utca, H\u00e1zsz\u00e1m\" id=\"forminator-field-text-3_69e4f3070a1c5\" class=\"forminator-input forminator-name--field\" data-required=\"\" \/><\/div><\/div><\/div><div class=\"forminator-row\"><div id=\"text-4\" class=\"forminator-field-text forminator-col forminator-col-12 \"><div class=\"forminator-field\"><input type=\"text\" name=\"text-4\" value=\"\" placeholder=\"Ir\u00e1ny\u00edt\u00f3sz\u00e1m, Hely\" id=\"forminator-field-text-4_69e4f3070a1c5\" class=\"forminator-input forminator-name--field\" data-required=\"\" \/><\/div><\/div><\/div><div class=\"forminator-row\"><div id=\"email-1\" class=\"forminator-field-email forminator-col forminator-col-12 \"><div class=\"forminator-field\"><input type=\"email\" name=\"email-1\" value=\"\" placeholder=\"E-Mail *\" id=\"forminator-field-email-1_69e4f3070a1c5\" class=\"forminator-input forminator-email--field\" data-required=\"true\" aria-required=\"true\" autocomplete=\"email\" \/><\/div><\/div><\/div><div class=\"forminator-row\"><div id=\"textarea-1\" class=\"forminator-field-textarea forminator-col forminator-col-12 \"><div class=\"forminator-field\"><span id=\"forminator-field-textarea-1_69e4f3070a1c5-description\" class=\"forminator-description\"><span data-limit=\"300\" data-type=\"characters\" data-editor=\"\">0 \/ 300<\/span><\/span><textarea name=\"textarea-1\" placeholder=\"\u00dczenet...\" id=\"forminator-field-textarea-1_69e4f3070a1c5\" class=\"forminator-textarea\" rows=\"6\" style=\"min-height:140px;\" maxlength=\"300\" ><\/textarea><\/div><\/div><\/div><div class=\"forminator-row\"><div id=\"consent-1\" class=\"forminator-field-consent forminator-col forminator-col-12 \"><div class=\"forminator-field\"><div class=\"forminator-checkbox__wrapper\"><label id=\"forminator-field-consent-1_69e4f3070a1c5__label\" class=\"forminator-checkbox forminator-consent\" aria-labelledby=\"forminator-field-consent-1_69e4f3070a1c5-label\"><input type=\"checkbox\" name=\"consent-1\" id=\"forminator-field-consent-1_69e4f3070a1c5\" value=\"checked\" aria-labelledby=\"forminator-field-consent-1_69e4f3070a1c5-label\" aria-describedby=\"forminator-field-consent-1_69e4f3070a1c5__description\" data-required=\"true\" aria-required=\"true\" \/><span class=\"forminator-checkbox-box\" aria-hidden=\"true\"><\/span><\/label><div id=\"forminator-field-consent-1_69e4f3070a1c5__description\" class=\"forminator-checkbox__label forminator-consent__label\"><p>Igen, elfogadom az <a href=\"https:\/\/www.wahrheitsperlenverlag.de\/hu\/adatvedelmi-nyilatkozat\/\">adatv\u00e9delmi szab\u00e1lyzatot<\/a> \u00e9s az <a href=\"https:\/\/www.wahrheitsperlenverlag.de\/hu\/aszf\/\">\u00c1ltal\u00e1nos Szerz\u0151d\u00e9si Felt\u00e9teleket<\/a>.<\/p><\/div><\/div><\/div><\/div><\/div><div class=\"forminator-row\"><div id=\"html-1\" class=\"forminator-field-html forminator-col forminator-col-12  mc-must-have\"><div class=\"forminator-field forminator-merge-tags\" data-field=\"html-1\"><p>* K\u00f6telez\u0151 mez\u0151k<\/p><\/div><\/div><\/div><input type=\"hidden\" name=\"referer_url\" value=\"\" \/><div class=\"forminator-row forminator-row-last\"><div class=\"forminator-col\"><div class=\"forminator-field\"><button class=\"forminator-button forminator-button-submit\">Elk&uuml;ld&eacute;s<\/button><\/div><\/div><\/div><input type=\"hidden\" id=\"forminator_nonce\" name=\"forminator_nonce\" value=\"edb4018ef2\" \/><input type=\"hidden\" name=\"_wp_http_referer\" value=\"\/hu\/wp-json\/wp\/v2\/pages\/288\" \/><input type=\"hidden\" name=\"form_id\" value=\"610\"><input type=\"hidden\" name=\"page_id\" value=\"288\"><input type=\"hidden\" name=\"form_type\" value=\"default\"><input type=\"hidden\" name=\"current_url\" value=\"https:\/\/www.wahrheitsperlenverlag.de\/hu\/kapcsolatfelvetel\/\"><input type=\"hidden\" name=\"render_id\" value=\"0\"><input type=\"hidden\" name=\"action\" value=\"forminator_submit_form_custom-forms\"><\/form>\n<\/div>\n<\/div>\n<\/div>\n<\/div>\n<\/div>\n\n\n\n<p><\/p>\n","protected":false},"excerpt":{"rendered":"<p>\u00d6n k\u00f6nyvkeresked\u0151 \u00e9s \u00e9rdekl\u0151dik kiad\u00f3nk \u00e9s k\u00f6nyveink ir\u00e1nt? Szeretn\u00e9 felvenni k\u00f6nyveinket a k\u00edn\u00e1lat\u00e1ba, vagy t\u00f6bbet szeretne megtudni kiad\u00f3i programunkr\u00f3l?Sz\u00edvesen k\u00fcld\u00fcnk \u00d6nnek inform\u00e1ci\u00f3kat aktu\u00e1lis \u00e9s tervezett megjelen\u00e9seinkr\u0151l, el\u0151zeteseket, olvas\u00f3i p\u00e9ld\u00e1nyokat vagy egyedi felt\u00e9teleket a k\u00f6nyvkereskedelem sz\u00e1m\u00e1ra. \u00d6r\u00f6mmel v\u00e1rjuk \u00fczenet\u00e9t, \u00e9s b\u00e1rmikor rendelkez\u00e9s\u00e9re \u00e1llunk tov\u00e1bbi k\u00e9rd\u00e9sekkel kapcsolatban. Kapcsolat: vagy t\u00f6ltse ki az al\u00e1bbi \u0171rlapot. \u00d6r\u00f6mmel v\u00e1rjuk kapcsolatfelv\u00e9tel\u00e9t. &#8230; <a title=\"Kapcsolatfelv\u00e9tel\" class=\"read-more\" href=\"https:\/\/www.wahrheitsperlenverlag.de\/hu\/kapcsolatfelvetel\/\" aria-label=\"Read more about Kapcsolatfelv\u00e9tel\">Olvass tov\u00e1bb<\/a><\/p>\n","protected":false},"author":1,"featured_media":0,"parent":0,"menu_order":5,"comment_status":"closed","ping_status":"closed","template":"","meta":{"footnotes":""},"class_list":["post-288","page","type-page","status-publish"],"_links":{"self":[{"href":"https:\/\/www.wahrheitsperlenverlag.de\/hu\/wp-json\/wp\/v2\/pages\/288","targetHints":{"allow":["GET"]}}],"collection":[{"href":"https:\/\/www.wahrheitsperlenverlag.de\/hu\/wp-json\/wp\/v2\/pages"}],"about":[{"href":"https:\/\/www.wahrheitsperlenverlag.de\/hu\/wp-json\/wp\/v2\/types\/page"}],"author":[{"embeddable":true,"href":"https:\/\/www.wahrheitsperlenverlag.de\/hu\/wp-json\/wp\/v2\/users\/1"}],"replies":[{"embeddable":true,"href":"https:\/\/www.wahrheitsperlenverlag.de\/hu\/wp-json\/wp\/v2\/comments?post=288"}],"version-history":[{"count":1,"href":"https:\/\/www.wahrheitsperlenverlag.de\/hu\/wp-json\/wp\/v2\/pages\/288\/revisions"}],"predecessor-version":[{"id":2436,"href":"https:\/\/www.wahrheitsperlenverlag.de\/hu\/wp-json\/wp\/v2\/pages\/288\/revisions\/2436"}],"wp:attachment":[{"href":"https:\/\/www.wahrheitsperlenverlag.de\/hu\/wp-json\/wp\/v2\/media?parent=288"}],"curies":[{"name":"wp","href":"https:\/\/api.w.org\/{rel}","templated":true}]}}