{"id":1488,"date":"2025-07-07T14:53:10","date_gmt":"2025-07-07T12:53:10","guid":{"rendered":"https:\/\/www.wahrheitsperlenverlag.de\/der-verlag\/"},"modified":"2025-08-20T15:55:46","modified_gmt":"2025-08-20T13:55:46","slug":"a-kiado","status":"publish","type":"page","link":"https:\/\/www.wahrheitsperlenverlag.de\/hu\/a-kiado\/","title":{"rendered":"A Kiad\u00f3"},"content":{"rendered":"\n<div class=\"mc-header-2\">\n\t<div class=\"mc-header-2-img\">\n\t\t<img decoding=\"async\" src=\"https:\/\/www.wahrheitsperlenverlag.de\/wp-content\/uploads\/Eingang.jpg\" alt=\"\">\n\t<\/div>\n<\/div>\n\n\n<div>\n<div class=\"gb-element-0c194eb0\">\n<h1 class=\"gb-text gb-text-3a66369d\">K\u00fcldet\u00e9s\u00fcnk:<\/h1>\n\n\n\n<h1 class=\"gb-text gb-text-9aefb6ad\">Politikai, t\u00e1rsadalmi \u00e9s t\u00f6rt\u00e9nelmi t\u00e9m\u00e1k Magyarorsz\u00e1gr\u00f3l.<\/h1>\n\n\n\n<p class=\"gb-text gb-text-44779352\">Magyarorsz\u00e1g kultur\u00e1lisan \u00e9s t\u00e1rsadalmilag szorosan \u00f6sszefon\u00f3dik Eur\u00f3pa t\u00f6rt\u00e9net\u00e9vel \u00e9s hagyom\u00e1nyaival. V\u00e1ltozatos t\u00f6rt\u00e9nelme \u00e9s aktu\u00e1lis t\u00e1rsadalmi fejlem\u00e9nyei rendk\u00edv\u00fcl gazdag forr\u00e1sanyagot k\u00edn\u00e1lnak \u00e9rt\u00e9kes \u00e9s lebilincsel\u0151 irodalmi m\u0171vek meg\u00edr\u00e1s\u00e1hoz. Meggy\u0151z\u0151d\u00e9s\u00fcnk, hogy ezek a perspekt\u00edv\u00e1k a hat\u00e1rokon t\u00fal is meg\u00e9rdemlik, hogy meghallgass\u00e1k \u0151ket \u2013 k\u00fcl\u00f6n\u00f6sen a mai vil\u00e1gban.<\/p>\n<\/div>\n<\/div>\n\n\n\n<div>\n<div class=\"gb-element-8987998e\">\n<div class=\"gb-element-82c42277\">\n<div>\n<h2 class=\"gb-text-5e8d1e21 mc-double-arrow\"><span class=\"gb-shape\"><svg xmlns=\"http:\/\/www.w3.org\/2000\/svg\" width=\"44.413\" height=\"36.291\" viewBox=\"0 0 44.413 36.291\">\n  <path id=\"Pfad_311\" data-name=\"Pfad 311\" d=\"M17.7,53.8,1.888,38.163l.864-5.012L22.885,17.512l2.592,2.938L7.591,37.817,7.85,33.67,20.724,50.951Zm20.824,0L22.712,38.163l.864-5.012L43.708,17.512,46.3,20.45,28.415,37.817l.259-4.147L41.548,50.951Z\" transform=\"translate(-1.888 -17.512)\" fill=\"#c3c7c7\"><\/path>\n<\/svg><\/span><span class=\"gb-text\">F\u00f3kuszban:<\/span><\/h2>\n\n\n\n<p class=\"gb-text gb-text-1ba518ff\">\u00d6sszef\u00fcgg\u00e9sek felt\u00e1r\u00e1sa<\/p>\n\n\n\n<p class=\"gb-text\">Egy olyan korban, amikor a dezinform\u00e1ci\u00f3 egyre hangosabban uralja a k\u00f6zbesz\u00e9det, mi a val\u00f3s\u00e1gnak, a m\u00e9lys\u00e9gnek \u00e9s a szem\u00e9lyes n\u00e9z\u0151pontoknak k\u00edv\u00e1nunk teret adni. A Wahrheitsperlen Kiad\u00f3 olyan k\u00f6nyveket k\u00e9pvisel, amelyek gondos kutat\u00e1s \u00e9s elm\u00e9ly\u00fclt munka eredm\u00e9nyek\u00e9nt sz\u00fcletnek. Legyen sz\u00f3 \u00e9letrajzr\u00f3l, t\u00f6rt\u00e9nelmi reg\u00e9nyr\u0151l vagy oknyomoz\u00f3 m\u0171r\u0151l \u2013 szerz\u0151ink a val\u00f3s\u00e1g hangj\u00e1t sz\u00f3laltatj\u00e1k meg. K\u00f6teteink t\u00e9m\u00e1i k\u00f6z\u00f6tt megtal\u00e1lhat\u00f3k a politikai v\u00e1ltoz\u00e1sok, a t\u00e1rsadalmi fesz\u00fclts\u00e9gek, a t\u00f6rt\u00e9nelmi folyamatok \u00e9s a kultur\u00e1lis identit\u00e1s k\u00e9rd\u00e9sei.<\/p>\n<\/div>\n\n\n\n<div class=\"gb-element-5a10aea0\" style=\"--inline-bg-image: url(https:\/\/www.wahrheitsperlenverlag.de\/wp-content\/uploads\/Linse-Fokus.jpg)\"><\/div>\n<\/div>\n<\/div>\n<\/div>\n\n\n\n<div class=\"gb-element-ad07c003 bg_grey_svg\">\n<div class=\"gb-element-a70d146a\">\n<h2 class=\"gb-text gb-text-88679624\">A kiad\u00f3i program<\/h2>\n\n\n\n<div class=\"gb-element-5a2ca22e\">\n<div>\n<h3 class=\"gb-text gb-text-20b6b7a6\">A kor tan\u00fai \u00e9s \u00e9letrajzi reg\u00e9nyek<\/h3>\n\n\n\n<p class=\"gb-text\">Magyarorsz\u00e1g olyan szem\u00e9lyis\u00e9geket adott a vil\u00e1gnak, akiknek gondolkod\u00e1sa, tev\u00e9kenys\u00e9ge \u00e9s \u00e9let\u00fatja messze t\u00falmutat az orsz\u00e1g hat\u00e1rain. Legyen sz\u00f3 irodalomr\u00f3l, tudom\u00e1nyr\u00f3l, m\u0171v\u00e9szetr\u0151l vagy politikai cselekv\u00e9sr\u0151l \u2013 hat\u00e1suk maradand\u00f3, \u00f6r\u00f6ks\u00e9g\u00fck \u00e9l. Mi elmes\u00e9lj\u00fck t\u00f6rt\u00e9neteiket \u2013 Eur\u00f3pa kultur\u00e1lis eml\u00e9kezet\u00e9nek r\u00e9szek\u00e9nt.<\/p>\n\n\n\n<h3 class=\"gb-text gb-text-df2f4349\">Oknyomoz\u00f3 k\u00f6nyvek<\/h3>\n\n\n\n<p class=\"gb-text\">Ahol alapos figyelemmel vizsg\u00e1lj\u00e1k a dolgokat, ott olyan k\u00f6nyvek sz\u00fcletnek, amelyek felvil\u00e1gos\u00edtanak, kontextusba helyeznek \u00e9s k\u00e9nyelmetlen k\u00e9rd\u00e9seket vetnek fel. K\u00f6nyveink betekint\u00e9st ny\u00fajtanak hatalmi strukt\u00far\u00e1kba, t\u00e1rsadalmi v\u00e1ltoz\u00e1sokba \u00e9s politikai fejlem\u00e9nyekbe \u2013 t\u00fal a l\u00e1that\u00f3 val\u00f3s\u00e1gon. Sok t\u00e9m\u00e1nk messze t\u00falmutat Magyarorsz\u00e1g hat\u00e1rain: olyan k\u00e9rd\u00e9seket vetnek fel, amelyek m\u00e1s orsz\u00e1gban is aktu\u00e1lisak \u2013 a demokr\u00e1cia, a k\u00f6z\u00e9let \u00e9s a szellemi szabads\u00e1g vesz\u00e9lyeztet\u00e9se kapcs\u00e1n. Mindez mindazok sz\u00e1m\u00e1ra sz\u00f3l, akik nemcsak azt akarj\u00e1k tudni, mi t\u00f6rt\u00e9nik, hanem azt is, mi\u00e9rt t\u00f6rt\u00e9nik.<\/p>\n\n\n\n<h3 class=\"gb-text gb-text-3809f7f6\">K\u00fclf\u00f6ld\u00f6n \u00e9l\u0151 magyar \u00edr\u00f3k m\u0171vei<\/h3>\n\n\n\n<p class=\"gb-text\">K\u00fclf\u00f6ld\u00f6n \u00e9l\u0151 magyar \u00edr\u00f3k, m\u0171v\u00e9szek \u00e9s \u00fajs\u00e1g\u00edr\u00f3k m\u0171vei is gazdag\u00edtj\u00e1k programunkat.<\/p>\n<\/div>\n\n\n\n<div>\n<h3 class=\"gb-text gb-text-ce6661f8\">T\u00f6rt\u00e9netek a magyar zsid\u00f3s\u00e1gr\u00f3l (20. &amp; 21. sz\u00e1zad)<\/h3>\n\n\n\n<p class=\"gb-text\">Magyarorsz\u00e1g zsid\u00f3 t\u00f6rt\u00e9nelme gazdag, f\u00e1jdalmas \u00e9s m\u00e9lyen \u00f6sszefon\u00f3dik Eur\u00f3pa m\u00faltj\u00e1val \u2013 \u00e1m n\u00e9met nyelven alig el\u00e9rhet\u0151. Ezt a hi\u00e1nyt szeretn\u00e9nk p\u00f3tolni: eml\u00e9kekkel, \u00e9letrajzokkal \u00e9s olyan hangokkal, amelyek eddig alig hallatszottak \u2013 \u00e9s amelyeket semmik\u00e9pp sem szabad elfelejteni.<\/p>\n\n\n\n<h3 class=\"gb-text gb-text-87b5527f\">Kult\u00fara-, t\u00f6rt\u00e9nelem- \u00e9s gasztron\u00f3miai &#8211; A bennfentes kala\u00faz<\/h3>\n\n\n\n<p class=\"gb-text\">Fedezze fel Magyarorsz\u00e1got a turist\u00e1k \u00e1ltal kev\u00e9sb\u00e9 j\u00e1rt utakon \u2013 kultur\u00e1lis \u00e9rz\u00e9kenys\u00e9ggel, t\u00f6rt\u00e9nelmi kontextussal \u00e9s kulin\u00e1ris \u00e9rz\u00e9kkel. Utaz\u00e1saink egy autentikus, bennfentes r\u00e1l\u00e1t\u00e1st ny\u00fajtanak egy olyan orsz\u00e1gra, mely gazdag t\u00f6rt\u00e9netekben, \u00edzekben \u00e9s hagyom\u00e1nyokban \u2013 a fiatalabb gener\u00e1ci\u00f3 sz\u00e1m\u00e1ra is.<\/p>\n<\/div>\n<\/div>\n<\/div>\n<\/div>\n\n\n\n<div>\n<div class=\"gb-element-4ef9dc9e\">\n<div class=\"gb-element-4e807167\">\n<div class=\"gb-element-78d658e6\" style=\"--inline-bg-image: url(https:\/\/www.wahrheitsperlenverlag.de\/wp-content\/uploads\/fenster-1.jpg)\"><\/div>\n\n\n\n<div>\n<h2 class=\"gb-text-00fffaba mc-double-arrow\"><span class=\"gb-shape\"><svg xmlns=\"http:\/\/www.w3.org\/2000\/svg\" width=\"44.413\" height=\"36.291\" viewBox=\"0 0 44.413 36.291\">\n  <path id=\"Pfad_311\" data-name=\"Pfad 311\" d=\"M17.7,53.8,1.888,38.163l.864-5.012L22.885,17.512l2.592,2.938L7.591,37.817,7.85,33.67,20.724,50.951Zm20.824,0L22.712,38.163l.864-5.012L43.708,17.512,46.3,20.45,28.415,37.817l.259-4.147L41.548,50.951Z\" transform=\"translate(-1.888 -17.512)\" fill=\"#c3c7c7\"><\/path>\n<\/svg><\/span><span class=\"gb-text\">Igazs\u00e1g:<\/span><\/h2>\n\n\n\n<p class=\"gb-text gb-text-3e90615e\">Ahogy mi \u00e9rtelmezz\u00fck.<\/p>\n\n\n\n<p class=\"gb-text gb-text-56f0c689\">A Wahrheitsperlen Kiad\u00f3 abb\u00f3l a bels\u0151 sz\u00fcks\u00e9gletb\u0151l sz\u00fcletett, hogy szembehelyezkedjen azzal, amit sokan \u00e9reznek: a m\u00e9diavil\u00e1g besz\u0171k\u00fcl\u00e9s\u00e9vel olyan \u00e9rt\u00e9kek mint a szabads\u00e1g, a m\u00e9lys\u00e9g \u00e9s az \u0151szintes\u00e9g egyre ink\u00e1bb nyom\u00e1s al\u00e1 ker\u00fclnek.<\/p>\n\n\n\n<p class=\"gb-text\">K\u00fcl\u00f6n\u00f6sen egy olyan orsz\u00e1gban, mint Magyarorsz\u00e1g, ahol a sajt\u00f3- \u00e9s v\u00e9lem\u00e9nyszabads\u00e1g korl\u00e1tozott, az autentikus hangok egyre nagyobb jelent\u0151s\u00e9ggel b\u00edrnak. K\u00f6nyveink teret adnak ezeknek a hangoknak \u2013 halkan, tiszt\u00e1n \u00e9s b\u00e1tran.<br>Olyan t\u00f6rt\u00e9neteket publik\u00e1lunk, amelyek nem csup\u00e1n felid\u00e9znek, hanem tan\u00faskodnak is. Olyan irodalom, amely megmarad, mert az igazs\u00e1gb\u00f3l sz\u00fcletik \u2013 szem\u00e9lyes, meghat\u00f3, val\u00f3di.<br>Az igazs\u00e1g gy\u00f6ngyszemei ritk\u00e1k \u2013 de ragyognak. \u00c9s megtal\u00e1lj\u00e1k utukat m\u00e9g a hat\u00e1rokon t\u00fal is. <\/p>\n<\/div>\n<\/div>\n<\/div>\n<\/div>\n\n\n\n<div class=\"gb-element-b4de28f8\">\n<div class=\"gb-element-1ac7d272\">\n<div class=\"gb-element-18fac461\">\n<div>\n<h3 class=\"gb-text gb-text-d9194baf\">Mit k\u00e9pvisel a &#8220;Wahrheitsperle&#8221;<\/h3>\n\n\n\n<p class=\"gb-text\">A gy\u00f6ngy a szimb\u00f3lumunk: titokban, fokozatosan, ellen\u00e1ll\u00e1s r\u00e9v\u00e9n form\u00e1l\u00f3dik \u2013 r\u00e9tegr\u0151l r\u00e9tegre. A s\u00farl\u00f3d\u00e1sb\u00f3l sz\u00e9ps\u00e9g sz\u00fcletik. A m\u00e9lys\u00e9gb\u0151l forma sz\u00fcletik. Pontosan ezt \u00e9rtj\u00fck az igazs\u00e1g alatt az irodalomban: nem hars\u00e1ny, nem felsz\u00ednes, hanem lassan kibontakoz\u00f3, tartalmas \u00e9s val\u00f3di.<br>A Wahrheitsperlen Kiad\u00f3 olyan k\u00f6nyveket k\u00e9pvisel, amelyek bels\u0151 sz\u00fcks\u00e9gletb\u0151l \u00edr\u00f3dnak, olyan hangokat, amelyek elker\u00fclik a felsz\u00edness\u00e9get \u00e9s olyan t\u00f6rt\u00e9netek, amelyek igazi jelent\u0151s\u00e9ggel b\u00edrnak.<\/p>\n\n\n\n<p class=\"gb-text\">Hisz\u00fcnk a maradand\u00f3 \u00e9rt\u00e9kekben, a szavak erej\u00e9ben \u00e9s olyan k\u00f6nyvekben, amelyek az igazs\u00e1gr\u00f3l tan\u00faskodnak.<\/p>\n<\/div>\n\n\n\n<div>\n<h3 class=\"gb-text gb-text-4a1be00f\">Amit a n\u00e9met k\u00f6z\u00f6ns\u00e9gnek szeretn\u00e8nk ny\u00fajtani<\/h3>\n\n\n\n<p class=\"gb-text\">A Wahrheitsperlen Kiad\u00f3 k\u00f6nyveivel hidakat k\u00edv\u00e1n \u00e9p\u00edteni a m\u00falt \u00e9s a jelen k\u00f6z\u00f6tt. Nem csup\u00e1n a mai kih\u00edv\u00e1sokr\u00f3l mes\u00e9lnek, hanem t\u00f6rt\u00e9nelmi tapasztalatokat is k\u00f6zvet\u00edtenek: diktat\u00far\u00e1r\u00f3l \u00e9s ellen\u00e1ll\u00e1sr\u00f3l, hallgat\u00e1sr\u00f3l \u00e9s l\u00e1zad\u00e1sr\u00f3l, identit\u00e1sr\u00f3l \u00e9s vesztes\u00e9gr\u0151l. K\u00fcl\u00f6n\u00f6sen a n\u00e9met k\u00f6z\u00f6ns\u00e9g sz\u00e1m\u00e1ra \u00e9rt\u00e9kesek ezek a t\u00f6rt\u00e9netek. Eml\u00e9keztetnek arra, milyen t\u00f6r\u00e9keny lehet a szabads\u00e1g \u2013 \u00e9s milyen fontos, hogy m\u00e1sok t\u00f6rt\u00e9neteib\u0151l tanuljunk, hogy saj\u00e1t jelen\u00fcnket \u00e9berebben \u00e9s tudatosabban alak\u00edthassuk. A gy\u00f6ngyszemeink irodalmi tan\u00fabizonys\u00e1gok: szem\u00e9lyesek \u00e9s id\u0151tlenek, arra h\u00edvj\u00e1k az olvas\u00f3t, hogy tekintsen m\u00e9lyebbre.<\/p>\n<\/div>\n<\/div>\n<\/div>\n<\/div>\n","protected":false},"excerpt":{"rendered":"<p>K\u00fcldet\u00e9s\u00fcnk: Politikai, t\u00e1rsadalmi \u00e9s t\u00f6rt\u00e9nelmi t\u00e9m\u00e1k Magyarorsz\u00e1gr\u00f3l. Magyarorsz\u00e1g kultur\u00e1lisan \u00e9s t\u00e1rsadalmilag szorosan \u00f6sszefon\u00f3dik Eur\u00f3pa t\u00f6rt\u00e9net\u00e9vel \u00e9s hagyom\u00e1nyaival. V\u00e1ltozatos t\u00f6rt\u00e9nelme \u00e9s aktu\u00e1lis t\u00e1rsadalmi fejlem\u00e9nyei rendk\u00edv\u00fcl gazdag forr\u00e1sanyagot k\u00edn\u00e1lnak \u00e9rt\u00e9kes \u00e9s lebilincsel\u0151 irodalmi m\u0171vek meg\u00edr\u00e1s\u00e1hoz. Meggy\u0151z\u0151d\u00e9s\u00fcnk, hogy ezek a perspekt\u00edv\u00e1k a hat\u00e1rokon t\u00fal is meg\u00e9rdemlik, hogy meghallgass\u00e1k \u0151ket \u2013 k\u00fcl\u00f6n\u00f6sen a mai vil\u00e1gban. F\u00f3kuszban: \u00d6sszef\u00fcgg\u00e9sek felt\u00e1r\u00e1sa Egy &#8230; <a title=\"A Kiad\u00f3\" class=\"read-more\" href=\"https:\/\/www.wahrheitsperlenverlag.de\/hu\/a-kiado\/\" aria-label=\"Read more about A Kiad\u00f3\">Olvass tov\u00e1bb<\/a><\/p>\n","protected":false},"author":1,"featured_media":0,"parent":0,"menu_order":2,"comment_status":"closed","ping_status":"closed","template":"","meta":{"footnotes":""},"class_list":["post-1488","page","type-page","status-publish"],"_links":{"self":[{"href":"https:\/\/www.wahrheitsperlenverlag.de\/hu\/wp-json\/wp\/v2\/pages\/1488","targetHints":{"allow":["GET"]}}],"collection":[{"href":"https:\/\/www.wahrheitsperlenverlag.de\/hu\/wp-json\/wp\/v2\/pages"}],"about":[{"href":"https:\/\/www.wahrheitsperlenverlag.de\/hu\/wp-json\/wp\/v2\/types\/page"}],"author":[{"embeddable":true,"href":"https:\/\/www.wahrheitsperlenverlag.de\/hu\/wp-json\/wp\/v2\/users\/1"}],"replies":[{"embeddable":true,"href":"https:\/\/www.wahrheitsperlenverlag.de\/hu\/wp-json\/wp\/v2\/comments?post=1488"}],"version-history":[{"count":1,"href":"https:\/\/www.wahrheitsperlenverlag.de\/hu\/wp-json\/wp\/v2\/pages\/1488\/revisions"}],"predecessor-version":[{"id":1929,"href":"https:\/\/www.wahrheitsperlenverlag.de\/hu\/wp-json\/wp\/v2\/pages\/1488\/revisions\/1929"}],"wp:attachment":[{"href":"https:\/\/www.wahrheitsperlenverlag.de\/hu\/wp-json\/wp\/v2\/media?parent=1488"}],"curies":[{"name":"wp","href":"https:\/\/api.w.org\/{rel}","templated":true}]}}