{"id":1486,"date":"2025-02-20T14:35:38","date_gmt":"2025-02-20T13:35:38","guid":{"rendered":"https:\/\/www.wahrheitsperlenverlag.de\/home\/"},"modified":"2025-08-18T10:01:44","modified_gmt":"2025-08-18T08:01:44","slug":"home","status":"publish","type":"page","link":"https:\/\/www.wahrheitsperlenverlag.de\/hu\/","title":{"rendered":"Home"},"content":{"rendered":"\n<div class=\"mc-header-1-outer\">\n\t<div class=\"mc-header-1\" style=\"background: url(https:\/\/www.wahrheitsperlenverlag.de\/wp-content\/uploads\/Tauben-1.jpg) 50% \/ cover no-repeat\"><\/div>\n\t<div class=\"mc-header-1-inner\">\n\t\t<div class=\"mc-header-1-inner-box\">\n\t\t\t<h1>Szabad gondolatok, elveszett igazs\u00e1gok<\/h1>\t\t<\/div>\n\t<\/div>\n<\/div>\n\n\n<div>\n<div class=\"gb-element-2e53e61c\">\n<p class=\"gb-text gb-text-4acd22b3\">A <strong>Wahrheitsperlen Kiad\u00f3<\/strong>, 2025 nyar\u00e1n alap\u00edtott, f\u00fcggetlen, n\u00e9met nyelv\u0171 kiad\u00f3, amelynek c\u00e9lja, hogy a magyar szerz\u0151k \u00faj gener\u00e1ci\u00f3j\u00e1t ismertesse meg a n\u00e9met nyelv\u00fc olvas\u00f3k\u00f6z\u00f6ns\u00e9ggel.<\/p>\n\n\n\n<p><strong>Teret adunk az eddig elveszett szavaknak. <\/strong><br>A magyarorsz\u00e1gi politikai v\u00e1ltoz\u00e1sok \u00e9rezhet\u0151 \u0171rt hagytak a kultur\u00e1lis p\u00e1rbesz\u00e9dben.<br>Szabad szellem\u0171 magyar m\u0171v\u00e9szek, \u00edr\u00f3k \u00e9s gondolkod\u00f3k k\u00fclf\u00f6ld\u00f6n is az \u00e9rdekl\u0151d\u00e9s perem\u00e9re szorultak: kiszorultak szerkeszt\u0151s\u00e9gekb\u0151l, kiad\u00f3kb\u00f3l, a nyilv\u00e1nos diskurzusb\u00f3l.<br>Az\u00e9rt dolgozunk, hogy hangjuk ism\u00e9t a k\u00f6z\u00e9ppontba ker\u00fclj\u00f6n.<\/p>\n<\/div>\n\n\n\n<div class=\"gb-element-c1776325\">\n<p class=\"gb-text gb-text-ec4bc034\"><strong>Magyarorsz\u00e1g \u2013 t\u00f6rt\u00e9netekben gazdag orsz\u00e1g<\/strong><br>Magyarorsz\u00e1g gazdag \u00e9s mozgalmas m\u00faltra tekint vissza. A magyar kult\u00fara m\u00e9lyen gy\u00f6kerezik az eur\u00f3pai szellemi \u00e9letben \u2013 irodalmi ereje, f\u00fcggetlens\u00e9ge, kreativit\u00e1sa \u00e9s a p\u00e1rbesz\u00e9d hagyom\u00e1nya alak\u00edtott\u00e1k. Ebben az orsz\u00e1gban sz\u00e1mtalan leny\u0171g\u00f6z\u0151 t\u00f6rt\u00e9net rejlik: szem\u00e9lyes \u00e9letutak, \u00e9letrajzi t\u00f6r\u00e9sek, politikai fordul\u00f3pontok \u00e9s t\u00f6rt\u00e9nelmi \u00f6sszefon\u00f3d\u00e1s eg\u00e9sz Eur\u00f3p\u00e1val \u00e9s azon t\u00fal.<br><\/p>\n<\/div>\n<\/div>\n\n\n\n<div>\n<div class=\"gb-element-1b7d4ae7\">\n<div class=\"gb-element-9c059a74\">\n<div class=\"gb-element-0260d9ac\">\n<div>\n<h2 class=\"gb-text gb-text-d09b1e51\">K\u00fcldet\u00e9s\u00fcnk <\/h2>\n\n\n\n<h2 class=\"gb-text gb-text-561052d9\">\u00e9s hajt\u00f3\u00e9r\u0151nk.<\/h2>\n\n\n\n<p class=\"gb-text\">Magyarorsz\u00e1g kultur\u00e1lisan \u00e9s t\u00e1rsadalmilag m\u00e9lyen gy\u00f6kerezik Eur\u00f3p\u00e1ban. V\u00e1ltozatos t\u00f6rt\u00e9nelme \u00e9s jelenkori folyamatai, gazdag ihletforr\u00e1st k\u00edn\u00e1lnak irodalmi \u00e9s publicisztikai m\u0171vek sz\u00e1m\u00e1ra. Hisz\u00fcnk abban, hogy ezeknek a n\u00e9z\u0151pontoknak a hat\u00e1rokon t\u00fal is hallatszaniuk kell \u2013 k\u00fcl\u00f6n\u00f6sen ma.<\/p>\n\n\n\n<div class=\"gb-element-8ad16362\">\n<a class=\"gb-text gb-text-ff0d2ef6\" href=\"https:\/\/www.wahrheitsperlenverlag.de\/hu\/a-kiado\/\">A kiad\u00f3<\/a>\n<\/div>\n<\/div>\n\n\n\n<div class=\"gb-element-b26ad172\" style=\"--inline-bg-image: url(https:\/\/www.wahrheitsperlenverlag.de\/wp-content\/uploads\/Budapest-2.jpg)\"><\/div>\n<\/div>\n<\/div>\n<\/div>\n<\/div>\n\n\n\n<div class=\"mc-gallery-outer\">\n\t<div class=\"mc-gallery\">\n\t\t<h2>Impresszi\u00f3k Magyarorsz\u00e1gr\u00f3l<\/h2><p>A t\u00f6rt\u00e9nelem \u00f6r\u00f6ks\u00e9ge m\u00e9g ma is meghat\u00e1rozza \u00e9let\u00fcnket \u2013 a m\u00falt \u00e9s a jelen szorosan \u00f6sszefon\u00f3dik egym\u00e1ssal.<\/p><div class=\"spacer\"><\/div>\t\t\n\t\t<div class=\"mc-gallery-wrapper gallery fix\">\n\t\t\t<div class=\"mc-gallery-box mc-cols-2\" style=\"background-image: url(https:\/\/www.wahrheitsperlenverlag.de\/wp-content\/uploads\/Schuhe-e1755518421224.jpg); \"><\/div><div class=\"mc-gallery-box mc-cols-2\" style=\"background-image: url(https:\/\/www.wahrheitsperlenverlag.de\/wp-content\/uploads\/Schwabendorf-Ungarn.jpg); \"><\/div><div class=\"mc-gallery-box mc-cols-2\" style=\"background-image: url(https:\/\/www.wahrheitsperlenverlag.de\/wp-content\/uploads\/Lobby.jpg); \"><\/div><div class=\"mc-gallery-box mc-cols-2\" style=\"background-image: url(https:\/\/www.wahrheitsperlenverlag.de\/wp-content\/uploads\/Budapest_2.jpg); \"><\/div><div class=\"mc-gallery-overlay\"><div>#impressionen<\/div><\/div>\t\t<\/div>\n\t<\/div>\n<\/div>\n\n\n<div>\n<div class=\"gb-element-b0bcb036\">\n<div class=\"gb-element-d1e96112\">\n<div>\n<h2 class=\"gb-text gb-text-53c0176d\">\u201eMagyarorsz\u00e1g tapasztalatai csendes leck\u00e9k \u2013 mindazok sz\u00e1m\u00e1ra, akik hajland\u00f3ak meghallgatni.\u201d<\/h2>\n<\/div>\n\n\n\n<div>\n<p>Ami Magyarorsz\u00e1gon zajlik, r\u00e1vil\u00e1g\u00edt, milyen gyorsan nyom\u00e1s al\u00e1 ker\u00fclhet a kult\u00far\u00e1lis szabads\u00e1g. Ezek a tapasztalatok odafigyel\u00e9st \u00e9rdemelnek &#8211; nem csup\u00e1n figyelmeztet\u00e9sk\u00e9nt, hanem a meg\u00e9rt\u00e9s kulcsak\u00e9nt. Aki igaz\u00e1n odafigyel, tanulhat bel\u0151l\u00fck. Csendesen, m\u00e9ly hat\u00e1st gyakorolva, az irodalmon kereszt\u00fcl.<\/p>\n<\/div>\n<\/div>\n<\/div>\n<\/div>\n\n\n\n<div>\n<div class=\"gb-element-238d0f81\">\n<div class=\"gb-element-78648c3f\">\n<div class=\"gb-element-d7f3c875\">\n<div class=\"gb-element-68e146cd\">\n<figure class=\"wp-block-image size-full\"><img loading=\"lazy\" decoding=\"async\" width=\"800\" height=\"450\" src=\"https:\/\/www.wahrheitsperlenverlag.de\/wp-content\/uploads\/Andrea-von-Finckenstein-mit-Buechern.jpg\" alt=\"\" class=\"wp-image-1397\" srcset=\"https:\/\/www.wahrheitsperlenverlag.de\/wp-content\/uploads\/Andrea-von-Finckenstein-mit-Buechern.jpg 800w, https:\/\/www.wahrheitsperlenverlag.de\/wp-content\/uploads\/Andrea-von-Finckenstein-mit-Buechern-730x411.jpg 730w, https:\/\/www.wahrheitsperlenverlag.de\/wp-content\/uploads\/Andrea-von-Finckenstein-mit-Buechern-300x169.jpg 300w, https:\/\/www.wahrheitsperlenverlag.de\/wp-content\/uploads\/Andrea-von-Finckenstein-mit-Buechern-768x432.jpg 768w\" sizes=\"auto, (max-width: 800px) 100vw, 800px\" \/><\/figure>\n\n\n\n<h2 class=\"gb-text gb-text-4823ae2d\">Wahrheitsperlen Kiad\u00f3 alap\u00edt\u00f3ja<\/h2>\n\n\n\n<p class=\"gb-text\">Az alap\u00edt\u00f3nk sz\u00fcletett magyark\u00e9nt k\u00fcl\u00f6n\u00f6sen sz\u00edv\u00e9n viseli sz\u00fcl\u0151f\u00f6ldje sors\u00e1t. N\u00e9metorsz\u00e1gban \u00e9s Ausztr\u00e1li\u00e1ban n\u0151tt fel \u00e9s hossz\u00fa \u00e9veken \u00e1t a nemzetk\u00f6zi m\u00e9diaiparban dolgozott, mik\u00f6zben Magyarorsz\u00e1g mindig is \u00e9lete fontos r\u00e9sze maradt. R\u00e9g\u00f3ta figyeli, hogyan szorul haz\u00e1ja a kultur\u00e1lis \u00e9rdekl\u0151d\u00e9s perem\u00e9re \u2013 a Wahrheitsperlen Kiad\u00f3val az a c\u00e9lja, hogy teret adjon azoknak a hangoknak, amelyek eddig h\u00e1tt\u00e9rbe szorultak.<\/p>\n\n\n\n<div class=\"gb-element-30a8d09a\">\n<a class=\"gb-text gb-text-ab0586a6\" href=\"https:\/\/www.wahrheitsperlenverlag.de\/hu\/rolunk\/\">R\u00f3lunk<\/a>\n<\/div>\n<\/div>\n<\/div>\n\n\n\n<div class=\"gb-element-80475835\">\n<figure class=\"wp-block-image size-large\"><img loading=\"lazy\" decoding=\"async\" width=\"1024\" height=\"576\" src=\"https:\/\/www.wahrheitsperlenverlag.de\/wp-content\/uploads\/Pressearbeit-Format-16zu9-1024x576.jpg\" alt=\"\" class=\"wp-image-1657\" srcset=\"https:\/\/www.wahrheitsperlenverlag.de\/wp-content\/uploads\/Pressearbeit-Format-16zu9-1024x576.jpg 1024w, https:\/\/www.wahrheitsperlenverlag.de\/wp-content\/uploads\/Pressearbeit-Format-16zu9-730x410.jpg 730w, https:\/\/www.wahrheitsperlenverlag.de\/wp-content\/uploads\/Pressearbeit-Format-16zu9-300x169.jpg 300w, https:\/\/www.wahrheitsperlenverlag.de\/wp-content\/uploads\/Pressearbeit-Format-16zu9-768x432.jpg 768w, https:\/\/www.wahrheitsperlenverlag.de\/wp-content\/uploads\/Pressearbeit-Format-16zu9.jpg 1254w\" sizes=\"auto, (max-width: 1024px) 100vw, 1024px\" \/><\/figure>\n\n\n\n<h2 class=\"gb-text gb-text-91f6425d\">Minden inform\u00e1ci\u00f3 a sajt\u00f3munk\u00e1hoz<\/h2>\n\n\n\n<p class=\"gb-text\">T\u00e1mogatjuk a \u00fajs\u00e1g\u00edr\u00f3kat, szerkeszt\u0151s\u00e9geket \u00e9s kultur\u00e1lis int\u00e9zm\u00e9nyeket sajt\u00f3anyagokkal, recenzi\u00f3s p\u00e9ld\u00e1nyokkal \u00e9s interj\u00fak\u00e9r\u00e9sekkel.<\/p>\n\n\n\n<div class=\"gb-element-ea4995d0\">\n<a class=\"gb-text gb-text-7e2d9703\" href=\"https:\/\/www.wahrheitsperlenverlag.de\/presseinfos\/\">Sajt\u00f3<\/a>\n<\/div>\n<\/div>\n<\/div>\n<\/div>\n<\/div>\n\n\n\n<div style=\"height:110px\" aria-hidden=\"true\" class=\"wp-block-spacer\"><\/div>\n","protected":false},"excerpt":{"rendered":"<p>A Wahrheitsperlen Kiad\u00f3, 2025 nyar\u00e1n alap\u00edtott, f\u00fcggetlen, n\u00e9met nyelv\u0171 kiad\u00f3, amelynek c\u00e9lja, hogy a magyar szerz\u0151k \u00faj gener\u00e1ci\u00f3j\u00e1t ismertesse meg a n\u00e9met nyelv\u00fc olvas\u00f3k\u00f6z\u00f6ns\u00e9ggel. Teret adunk az eddig elveszett szavaknak. A magyarorsz\u00e1gi politikai v\u00e1ltoz\u00e1sok \u00e9rezhet\u0151 \u0171rt hagytak a kultur\u00e1lis p\u00e1rbesz\u00e9dben.Szabad szellem\u0171 magyar m\u0171v\u00e9szek, \u00edr\u00f3k \u00e9s gondolkod\u00f3k k\u00fclf\u00f6ld\u00f6n is az \u00e9rdekl\u0151d\u00e9s perem\u00e9re szorultak: kiszorultak szerkeszt\u0151s\u00e9gekb\u0151l, kiad\u00f3kb\u00f3l, &#8230; <a title=\"Home\" class=\"read-more\" href=\"https:\/\/www.wahrheitsperlenverlag.de\/hu\/\" aria-label=\"Read more about Home\">Olvass tov\u00e1bb<\/a><\/p>\n","protected":false},"author":1,"featured_media":0,"parent":0,"menu_order":0,"comment_status":"closed","ping_status":"closed","template":"","meta":{"footnotes":""},"class_list":["post-1486","page","type-page","status-publish"],"_links":{"self":[{"href":"https:\/\/www.wahrheitsperlenverlag.de\/hu\/wp-json\/wp\/v2\/pages\/1486","targetHints":{"allow":["GET"]}}],"collection":[{"href":"https:\/\/www.wahrheitsperlenverlag.de\/hu\/wp-json\/wp\/v2\/pages"}],"about":[{"href":"https:\/\/www.wahrheitsperlenverlag.de\/hu\/wp-json\/wp\/v2\/types\/page"}],"author":[{"embeddable":true,"href":"https:\/\/www.wahrheitsperlenverlag.de\/hu\/wp-json\/wp\/v2\/users\/1"}],"replies":[{"embeddable":true,"href":"https:\/\/www.wahrheitsperlenverlag.de\/hu\/wp-json\/wp\/v2\/comments?post=1486"}],"version-history":[{"count":1,"href":"https:\/\/www.wahrheitsperlenverlag.de\/hu\/wp-json\/wp\/v2\/pages\/1486\/revisions"}],"predecessor-version":[{"id":1854,"href":"https:\/\/www.wahrheitsperlenverlag.de\/hu\/wp-json\/wp\/v2\/pages\/1486\/revisions\/1854"}],"wp:attachment":[{"href":"https:\/\/www.wahrheitsperlenverlag.de\/hu\/wp-json\/wp\/v2\/media?parent=1486"}],"curies":[{"name":"wp","href":"https:\/\/api.w.org\/{rel}","templated":true}]}}